{"id":1535,"date":"2023-11-28T12:15:54","date_gmt":"2023-11-28T12:15:54","guid":{"rendered":"https:\/\/staging.vip.luminousred.com\/wissensbasis_wesentliche-zeile\/"},"modified":"2023-12-01T10:06:14","modified_gmt":"2023-12-01T10:06:14","slug":"wissensbasis_wesentliche-zeile","status":"publish","type":"page","link":"https:\/\/staging.vip.luminousred.com\/de\/","title":{"rendered":"Wissensbasis_MultipleKB"},"content":{"rendered":"\t\t<div data-elementor-type=\"wp-page\" data-elementor-id=\"1535\" class=\"elementor elementor-1535 elementor-1423\">\n\t\t\t\t\t\t\t\t\t<section class=\"elementor-section elementor-top-section elementor-element elementor-element-5f44bbf elementor-section-boxed elementor-section-height-default elementor-section-height-default\" data-id=\"5f44bbf\" data-element_type=\"section\" data-settings=\"{&quot;background_background&quot;:&quot;classic&quot;}\">\n\t\t\t\t\t\t<div class=\"elementor-container elementor-column-gap-default\">\n\t\t\t\t\t<div class=\"elementor-column elementor-col-100 elementor-top-column elementor-element elementor-element-d691610\" data-id=\"d691610\" data-element_type=\"column\">\n\t\t\t<div class=\"elementor-widget-wrap elementor-element-populated\">\n\t\t\t\t\t\t\t\t<div class=\"elementor-element elementor-element-b4add30 elementor-widget elementor-widget-heading\" data-id=\"b4add30\" data-element_type=\"widget\" data-widget_type=\"heading.default\">\n\t\t\t\t<div class=\"elementor-widget-container\">\n\t\t\t<style>\/*! elementor - v3.18.0 - 20-12-2023 *\/\n.elementor-heading-title{padding:0;margin:0;line-height:1}.elementor-widget-heading .elementor-heading-title[class*=elementor-size-]>a{color:inherit;font-size:inherit;line-height:inherit}.elementor-widget-heading .elementor-heading-title.elementor-size-small{font-size:15px}.elementor-widget-heading .elementor-heading-title.elementor-size-medium{font-size:19px}.elementor-widget-heading .elementor-heading-title.elementor-size-large{font-size:29px}.elementor-widget-heading .elementor-heading-title.elementor-size-xl{font-size:39px}.elementor-widget-heading .elementor-heading-title.elementor-size-xxl{font-size:59px}<\/style><h1 class=\"elementor-heading-title elementor-size-default\">Herzlich Willkommen auf unserer VIP-Seite!<\/h1>\t\t<\/div>\n\t\t\t\t<\/div>\n\t\t\t\t<div class=\"elementor-element elementor-element-24328a1 elementor-widget elementor-widget-text-editor\" data-id=\"24328a1\" data-element_type=\"widget\" data-widget_type=\"text-editor.default\">\n\t\t\t\t<div class=\"elementor-widget-container\">\n\t\t\t<style>\/*! elementor - v3.18.0 - 20-12-2023 *\/\n.elementor-widget-text-editor.elementor-drop-cap-view-stacked .elementor-drop-cap{background-color:#69727d;color:#fff}.elementor-widget-text-editor.elementor-drop-cap-view-framed .elementor-drop-cap{color:#69727d;border:3px solid;background-color:transparent}.elementor-widget-text-editor:not(.elementor-drop-cap-view-default) .elementor-drop-cap{margin-top:8px}.elementor-widget-text-editor:not(.elementor-drop-cap-view-default) .elementor-drop-cap-letter{width:1em;height:1em}.elementor-widget-text-editor .elementor-drop-cap{float:left;text-align:center;line-height:1;font-size:50px}.elementor-widget-text-editor .elementor-drop-cap-letter{display:inline-block}<\/style>\t\t\t\t<p>Erhalte hier ALLES, was du brauchst, um mit deinem Luminousred-Ger\u00e4t durchzustarten. Hier findest du: <span style=\"color: var( --e-global-color-text ); font-size: 1rem;\">Eine Schnellstartanleitung, die dir hilft, mit deinem neuen Luminousred Essential Device loszulegen. Auspacken, zusammenbauen und loslegen! Ein ausf\u00fchrliches Benutzerhandbuch f\u00fcr mehr facettenreiche Spezialisierungen. <\/span><span style=\"color: var( --e-global-color-text ); font-size: 1rem;\">Die FAQ-Seite, auf der du schnell Antworten auf die am h\u00e4ufigsten gestellten Fragen findest. Aber genug geredet, wollen wir anfangen?<\/span><\/p>\n\t\t\t\t\t\t<\/div>\n\t\t\t\t<\/div>\n\t\t\t\t<div class=\"elementor-element elementor-element-7cc1acf elementor-widget elementor-widget-html\" data-id=\"7cc1acf\" data-element_type=\"widget\" data-widget_type=\"html.default\">\n\t\t\t\t<div class=\"elementor-widget-container\">\n\t\t\t<iframe src=\"https:\/\/www.videoask.com\/fem5psgw8\" allow=\"camera *; microphone *; autoplay *; encrypted-media *; fullscreen *; display-capture *;\" width=\"100%\" height=\"300px\" style=\"border: none; border-radius: 5px\"><\/iframe>\t\t<\/div>\n\t\t\t\t<\/div>\n\t\t\t\t<div class=\"elementor-element elementor-element-fd99a25 elementor-widget elementor-widget-shortcode\" data-id=\"fd99a25\" data-element_type=\"widget\" data-widget_type=\"shortcode.default\">\n\t\t\t\t<div class=\"elementor-widget-container\">\n\t\t\t\t\t<div class=\"elementor-shortcode\">\n<div\n    class=\"betterdocs-category-box-wrapper betterdocs-multiple-kb-wrapper betterdocs-shortcode betterdocs-pro\">\n\t<div\n        class=\"betterdocs-category-box-inner-wrapper ash-bg layout-flex layout-1 docs-col-3 single-kb\" style=\"--column: 3;\">\n        \n<a\n    href=\"https:\/\/staging.vip.luminousred.com\/de\/docs\/luminousred-pro\/\" data-id=\"27\" class=\"betterdocs-single-category-wrapper category-box default\">\n\t<div class=\"betterdocs-single-category-inner\">\n\t\t\n<div class=\"betterdocs-category-header\">\n    <div class=\"betterdocs-category-header-inner\">\n        \n<div class=\"betterdocs-category-icon\">\n    <img decoding=\"async\" alt=\"betterdocs-category-icon\" class=\"betterdocs-category-icon-img\" src=\"https:\/\/staging.vip.luminousred.com\/wp-content\/plugins\/betterdocs\/assets\/admin\/images\/betterdocs-cat-icon.svg?v=3.3.3\" \/><\/div>\n<h2 class=\"betterdocs-category-title\">Luminousred Pro Line<\/h2>\n<div data-count=\"15\" class=\"betterdocs-category-items-counts\">\n    <span>\n         15 articles    <\/span>\n<\/div>\n    <\/div>\n<\/div>\n\t<\/div>\n<\/a>\n\n<a\n    href=\"https:\/\/staging.vip.luminousred.com\/de\/docs\/luminousred-essential\/\" data-id=\"30\" class=\"betterdocs-single-category-wrapper category-box default\">\n\t<div class=\"betterdocs-single-category-inner\">\n\t\t\n<div class=\"betterdocs-category-header\">\n    <div class=\"betterdocs-category-header-inner\">\n        \n<div class=\"betterdocs-category-icon\">\n    <img decoding=\"async\" alt=\"betterdocs-category-icon\" class=\"betterdocs-category-icon-img\" src=\"https:\/\/staging.vip.luminousred.com\/wp-content\/plugins\/betterdocs\/assets\/admin\/images\/betterdocs-cat-icon.svg?v=3.3.3\" \/><\/div>\n<h2 class=\"betterdocs-category-title\">Luminousred Essential<\/h2>\n<div data-count=\"18\" class=\"betterdocs-category-items-counts\">\n    <span>\n         18 articles    <\/span>\n<\/div>\n    <\/div>\n<\/div>\n\t<\/div>\n<\/a>\n\t<\/div>\n        <div class=\"clearfix\"><\/div>\n    <\/div>\n<\/div>\n\t\t\t\t<\/div>\n\t\t\t\t<\/div>\n\t\t\t\t<div class=\"elementor-element elementor-element-9ab4dc4 elementor-widget elementor-widget-text-editor\" data-id=\"9ab4dc4\" data-element_type=\"widget\" data-widget_type=\"text-editor.default\">\n\t\t\t\t<div class=\"elementor-widget-container\">\n\t\t\t\t\t\t\t<p>Siehst du die Schaltfl\u00e4che unten rechts auf deinem Bildschirm? <span style=\"color: var( --e-global-color-text ); font-size: 1rem;\">Hier findest du weitere Fragen und Antworten und einen direkten Link zu uns, falls du eine ausf\u00fchrlichere Frage stellen m\u00f6chtest.<\/span><\/p>\n\t\t\t\t\t\t<\/div>\n\t\t\t\t<\/div>\n\t\t\t\t<div class=\"elementor-element elementor-element-cec0840 elementor-widget elementor-widget-spacer\" data-id=\"cec0840\" data-element_type=\"widget\" data-widget_type=\"spacer.default\">\n\t\t\t\t<div class=\"elementor-widget-container\">\n\t\t\t<style>\/*! elementor - v3.18.0 - 20-12-2023 *\/\n.elementor-column .elementor-spacer-inner{height:var(--spacer-size)}.e-con{--container-widget-width:100%}.e-con-inner>.elementor-widget-spacer,.e-con>.elementor-widget-spacer{width:var(--container-widget-width,var(--spacer-size));--align-self:var(--container-widget-align-self,initial);--flex-shrink:0}.e-con-inner>.elementor-widget-spacer>.elementor-widget-container,.e-con>.elementor-widget-spacer>.elementor-widget-container{height:100%;width:100%}.e-con-inner>.elementor-widget-spacer>.elementor-widget-container>.elementor-spacer,.e-con>.elementor-widget-spacer>.elementor-widget-container>.elementor-spacer{height:100%}.e-con-inner>.elementor-widget-spacer>.elementor-widget-container>.elementor-spacer>.elementor-spacer-inner,.e-con>.elementor-widget-spacer>.elementor-widget-container>.elementor-spacer>.elementor-spacer-inner{height:var(--container-widget-height,var(--spacer-size))}.e-con-inner>.elementor-widget-spacer.elementor-widget-empty,.e-con>.elementor-widget-spacer.elementor-widget-empty{position:relative;min-height:22px;min-width:22px}.e-con-inner>.elementor-widget-spacer.elementor-widget-empty .elementor-widget-empty-icon,.e-con>.elementor-widget-spacer.elementor-widget-empty .elementor-widget-empty-icon{position:absolute;top:0;bottom:0;left:0;right:0;margin:auto;padding:0;width:22px;height:22px}<\/style>\t\t<div class=\"elementor-spacer\">\n\t\t\t<div class=\"elementor-spacer-inner\"><\/div>\n\t\t<\/div>\n\t\t\t\t<\/div>\n\t\t\t\t<\/div>\n\t\t\t\t\t<\/div>\n\t\t<\/div>\n\t\t\t\t\t\t\t<\/div>\n\t\t<\/section>\n\t\t\t\t\t\t\t<\/div>\n\t\t","protected":false},"excerpt":{"rendered":"<p>Herzlich Willkommen auf unserer VIP-Seite! Erhalte hier ALLES, was du brauchst, um mit deinem Luminousred-Ger\u00e4t durchzustarten. Hier findest du: Eine Schnellstartanleitung, die dir hilft, mit deinem neuen Luminousred Essential Device loszulegen. Auspacken, zusammenbauen und loslegen! Ein ausf\u00fchrliches Benutzerhandbuch f\u00fcr mehr facettenreiche Spezialisierungen. Die FAQ-Seite, auf der du schnell Antworten auf die am h\u00e4ufigsten gestellten Fragen [&hellip;]<\/p>\n","protected":false},"author":2,"featured_media":0,"parent":0,"menu_order":0,"comment_status":"closed","ping_status":"closed","template":"elementor_canvas","meta":{"_eb_attr":"","_uag_custom_page_level_css":"","footnotes":""},"class_list":["post-1535","page","type-page","status-publish","hentry"],"featured_image_src":null,"featured_image_src_square":null,"uagb_featured_image_src":{"full":false,"thumbnail":false,"medium":false,"medium_large":false,"large":false,"1536x1536":false,"2048x2048":false,"betterdocs-category-thumb":false,"gb-block-post-grid-landscape":false,"gb-block-post-grid-square":false},"uagb_author_info":{"display_name":"Luminousred Team","author_link":"https:\/\/staging.vip.luminousred.com\/de\/author\/luminousred\/"},"uagb_comment_info":0,"uagb_excerpt":"Herzlich Willkommen auf unserer VIP-Seite! Erhalte hier ALLES, was du brauchst, um mit deinem Luminousred-Ger\u00e4t durchzustarten. Hier findest du: Eine Schnellstartanleitung, die dir hilft, mit deinem neuen Luminousred Essential Device loszulegen. Auspacken, zusammenbauen und loslegen! Ein ausf\u00fchrliches Benutzerhandbuch f\u00fcr mehr facettenreiche Spezialisierungen. Die FAQ-Seite, auf der du schnell Antworten auf die am h\u00e4ufigsten gestellten Fragen&hellip;","_links":{"self":[{"href":"https:\/\/staging.vip.luminousred.com\/de\/wp-json\/wp\/v2\/pages\/1535","targetHints":{"allow":["GET"]}}],"collection":[{"href":"https:\/\/staging.vip.luminousred.com\/de\/wp-json\/wp\/v2\/pages"}],"about":[{"href":"https:\/\/staging.vip.luminousred.com\/de\/wp-json\/wp\/v2\/types\/page"}],"author":[{"embeddable":true,"href":"https:\/\/staging.vip.luminousred.com\/de\/wp-json\/wp\/v2\/users\/2"}],"replies":[{"embeddable":true,"href":"https:\/\/staging.vip.luminousred.com\/de\/wp-json\/wp\/v2\/comments?post=1535"}],"version-history":[{"count":10,"href":"https:\/\/staging.vip.luminousred.com\/de\/wp-json\/wp\/v2\/pages\/1535\/revisions"}],"predecessor-version":[{"id":1672,"href":"https:\/\/staging.vip.luminousred.com\/de\/wp-json\/wp\/v2\/pages\/1535\/revisions\/1672"}],"wp:attachment":[{"href":"https:\/\/staging.vip.luminousred.com\/de\/wp-json\/wp\/v2\/media?parent=1535"}],"curies":[{"name":"wp","href":"https:\/\/api.w.org\/{rel}","templated":true}]}}